{"id":1552,"date":"2012-04-23T21:32:03","date_gmt":"2012-04-23T19:32:03","guid":{"rendered":"http:\/\/www.persofoto.de\/?page_id=1552"},"modified":"2020-01-23T15:21:00","modified_gmt":"2020-01-23T14:21:00","slug":"groesse","status":"publish","type":"page","link":"https:\/\/www.persofoto.de\/lexikon\/visum-foto\/groesse\/","title":{"rendered":"Gr\u00f6\u00dfe &#038; Format"},"content":{"rendered":"<nav class=\"chapter-toc\">\n<h2>Inhalt<\/h2>\n<ul>\n<li><a class=\"smooth\" href=\"#gaengigste-passbildgroessen\">G\u00e4ngigste Passbildgr\u00f6\u00dfen bei Visa<\/a><\/li>\n<li><a class=\"smooth\" href=\"#passbildgroesse-nach-land\">Passbildgr\u00f6\u00dfen nach L\u00e4ndern<\/a><\/li>\n<li><a class=\"smooth\" href=\"#passbildgroesse-herausfinden\">Ben\u00f6tigte Passbildgr\u00f6\u00dfe herausfinden<\/a><\/li>\n<\/ul>\n<\/nav>\n<h2 id=\"gaengigste-passbildgroessen\">G\u00e4ngigste Passbildgr\u00f6\u00dfen bei Visa<\/h2>\n<p>Steht eine Reise in ein weiter entferntes Land an, ben\u00f6tigen deutsche B\u00fcrger h\u00e4ufig ein <a href=\"https:\/\/www.persofoto.de\/lexikon\/visum\/\">Visum<\/a>. Bei fast allen L\u00e4ndern au\u00dferhalb der EU werden diese Visa sowohl f\u00fcr Touristen als auch f\u00fcr Gesch\u00e4ftsreisende ben\u00f6tigt. F\u00fcr die Beantragung eines Visums ben\u00f6tigt man immer mindestens ein, h\u00e4ufig zwei Visum-Fotos. Je nach Zielland unterscheiden sich die Anforderungen und Gr\u00f6\u00dfen dieser Fotos. Die beiden g\u00e4ngigsten Gr\u00f6\u00dfen f\u00fcr Visum-Fotos sind:<\/p>\n<ul>\n<li>die<strong> europ\u00e4ische Standard-Gr\u00f6\u00dfe von 35 mm \u00d7 45 mm<br \/>\n(oder 3,5 cm \u00d7 4,5 cm)<\/strong> und<\/li>\n<li>das <strong>US-amerikanische Format<\/strong> von <strong>2 \u00d7 2 Zoll bzw. 51 \u00d7 51 mm<br \/>\n(5,1 \u00d7 5,1 cm)<\/strong>.<\/li>\n<\/ul>\n<p>Die Amerikaner arbeiten mit Inch, hierzulande auch Zoll genannt. Bei der Umrechnung der 2 Zoll in Millimeter kommt man auf ungerade 50,8 mm.<\/p>\n<p>Nachfolgend eine Gegen\u00fcberstellung der beiden Standard-Gr\u00f6\u00dfen:<\/p>\n<div class=\"table-responsive\">\n<table class=\"orange\">\n<thead>\n<tr>\n<th><\/th>\n<th>EU-Standard Passbild-Gr\u00f6\u00dfe<\/th>\n<th>US-Standard Passbild-Gr\u00f6\u00dfe<\/th>\n<\/tr>\n<\/thead>\n<tbody>\n<tr>\n<td>Beispiel-Foto<\/td>\n<td><img title=\"Biometrisches Passfoto\" src=\"https:\/\/www.persofoto.de\/lexikon\/wp-content\/uploads\/2012\/04\/passbild-groesse.jpg\" alt=\"Gr\u00f6\u00dfe eines biometrischen Passfotos\" width=\"160\" height=\"200\"><\/td>\n<td><img title=\"Biometrisches Passfoto f\u00fcr ein Visum\" src=\"https:\/\/www.persofoto.de\/lexikon\/wp-content\/uploads\/2012\/04\/visum-foto-groesse1.jpg\" alt=\"Gr\u00f6\u00dfe eines biometrischen Visum-Fotos\" width=\"210\" height=\"210\"><\/td>\n<\/tr>\n<tr>\n<td>Zentimeter<\/td>\n<td>3,5 \u00d7 4,5 cm<\/td>\n<td>5,1 \u00d7 5,1 cm (genau: 5,08 cm)<\/td>\n<\/tr>\n<tr>\n<td>Millimeter<\/td>\n<td>35 \u00d7 45 mm<\/td>\n<td>51 \u00d7 51 mm (genau: 50,8 mm)<\/td>\n<\/tr>\n<tr>\n<td>Zoll \/ Inch<\/td>\n<td>1,38 \u00d7 1,77 Zoll \/ inches<\/td>\n<td>2 \u00d7 2 Zoll \/ inches<\/td>\n<\/tr>\n<tr>\n<td>Passbild zuschneiden<\/td>\n<td><a class=\"hollow-button orange\" title=\"Jetzt ein Passbild erstellen\" href=\"https:\/\/www.persofoto.de\/upload\/passfoto\">Jetzt ein Passbild erstellen<\/a><\/td>\n<td><a class=\"hollow-button orange\" title=\"Jetzt ein Visum-Foto erstellen\" href=\"https:\/\/www.persofoto.de\/upload\/visumfoto\">Jetzt ein Visum-Foto erstellen<\/a><\/td>\n<\/tr>\n<\/tbody>\n<\/table>\n<\/div>\n<p>Beide Foto-Gr\u00f6\u00dfen k\u00f6nnen in unserem <a href=\"https:\/\/www.persofoto.de\/upload\/passfoto\">Passfoto-Generator<\/a> bzw. <a href=\"https:\/\/www.persofoto.de\/upload\/visumfoto\">Visum-Foto-Generator<\/a> <strong>kostenlos auf das richtige Seitenverh\u00e4ltnis zugeschnitten<\/strong> und an die biometrische Schablone angepasst werden.<\/p>\n<p>Wenn Du ein anderes Reiseziel hast, pr\u00fcfst Du am besten die nachfolgende Tabelle &#8211; denn einige L\u00e4nder verlangen sehr exotische Formate f\u00fcr Reisepass, Visum und Co.<\/p>\n<hr>\n<h2 id=\"passbildgroesse-nach-land\">Passbildgr\u00f6\u00dfen nach L\u00e4ndern<\/h2>\n<p>Nachfolgend ein kleiner \u00dcberblick der Visum-Foto Gr\u00f6\u00dfen g\u00e4ngiger Reiseziele:<\/p>\n<div class=\"table-responsive\">\n<table class=\"orange\">\n<thead>\n<tr>\n<th>Land<\/th>\n<th>Gr\u00f6\u00dfe in Zentimetern<\/th>\n<th>Gr\u00f6\u00dfe in Millimetern<\/th>\n<th>Gr\u00f6\u00dfe in Zoll \/ Inch<\/th>\n<\/tr>\n<\/thead>\n<tbody>\n<tr>\n<td><strong>Argentinien<\/strong><\/td>\n<td>3,5 \u00d7 4,5 cm<\/td>\n<td>35 \u00d7 45 mm<\/td>\n<td>1,38 \u00d7 1,77 Zoll<\/td>\n<\/tr>\n<tr>\n<td><strong>Australien<\/strong><\/td>\n<td>3,5 \u00d7 4,5 cm<\/td>\n<td>35 \u00d7 45 mm<\/td>\n<td>1,38 \u00d7 1,77 Zoll<\/td>\n<\/tr>\n<tr>\n<td><strong>China<\/strong><\/td>\n<td>4,0 \u00d7 5,0 cm<\/td>\n<td>40 \u00d7 50 mm<\/td>\n<td>1,57 \u00d7 1,97 Zoll<\/td>\n<\/tr>\n<tr>\n<td><strong>Deutschland<\/strong><\/td>\n<td>3,5 \u00d7 4,5 cm<\/td>\n<td>35 \u00d7 45 mm<\/td>\n<td>1,38 \u00d7 1,77 Zoll<\/td>\n<\/tr>\n<tr>\n<td><strong>Frankreich<\/strong><\/td>\n<td>3,5 \u00d7 4,5 cm<\/td>\n<td>35 \u00d7 45 mm<\/td>\n<td>1,38 \u00d7 1,77 Zoll<\/td>\n<\/tr>\n<tr>\n<td><strong>Hong Kong<\/strong><\/td>\n<td>4,0 \u00d7 5,0 cm<\/td>\n<td>40 \u00d7 50 mm<\/td>\n<td>1,57 \u00d7 1,97 Zoll<\/td>\n<\/tr>\n<tr>\n<td rowspan=\"2\"><strong>Indonesien<\/strong><\/td>\n<td>4,0 \u00d7 6,0 cm<\/td>\n<td>40 \u00d7 60 mm<\/td>\n<td>1,57 \u00d7 2,36 Zoll<\/td>\n<\/tr>\n<tr>\n<td>3,0 \u00d7 4,0 cm<\/td>\n<td>30 \u00d7 40 mm<\/td>\n<td>1,18 \u00d7 1,57 Zoll<\/td>\n<\/tr>\n<tr>\n<td><strong>Italien<\/strong><\/td>\n<td>3,0 \u00d7 4,0 cm<\/td>\n<td>30 \u00d7 40 mm<\/td>\n<td>1,18 \u00d7 1,57 Zoll<\/td>\n<\/tr>\n<tr>\n<td rowspan=\"2\"><strong>Japan<\/strong><\/td>\n<td>3,5 \u00d7 4,5 cm<\/td>\n<td>35 \u00d7 45 mm<\/td>\n<td>1,38 \u00d7 1,77 Zoll<\/td>\n<\/tr>\n<tr>\n<td>4,5 \u00d7 4,5 cm<\/td>\n<td>45 \u00d7 45 mm<\/td>\n<td>1,77 \u00d7 1,77 Zoll<\/td>\n<\/tr>\n<tr>\n<td rowspan=\"3\"><strong>Kanada<\/strong><\/td>\n<td>3,5 \u00d7 4,5 cm<\/td>\n<td>35 \u00d7 45 mm<\/td>\n<td>1,38 \u00d7 1,77 Zoll<\/td>\n<\/tr>\n<tr>\n<td>5,0 \u00d7 7,0 cm<\/td>\n<td>50 \u00d7 70 mm<\/td>\n<td>1,97 \u00d7 2,76 Zoll<\/td>\n<\/tr>\n<tr>\n<td>3,5 \u00d7 4,3 cm<\/td>\n<td>35 \u00d7 43 mm<\/td>\n<td>1,38 \u00d7 1,69 Zoll<\/td>\n<\/tr>\n<tr>\n<td><strong>Macau<\/strong><\/td>\n<td>3,5 \u00d7 4,5 cm<\/td>\n<td>35 \u00d7 45 mm<\/td>\n<td>1,38 \u00d7 1,77 Zoll<\/td>\n<\/tr>\n<tr>\n<td><strong>Norwegen<\/strong><\/td>\n<td>3,5 \u00d7 4,0 cm<\/td>\n<td>35 \u00d7 40 mm<\/td>\n<td>1,38 \u00d7 1,57 Zoll<\/td>\n<\/tr>\n<tr>\n<td><strong>Russland<\/strong><\/td>\n<td>3,5 \u00d7 4,5 cm<\/td>\n<td>35 \u00d7 45 mm<\/td>\n<td>1,38 \u00d7 1,77 Zoll<\/td>\n<\/tr>\n<tr>\n<td><strong>Spanien<\/strong><\/td>\n<td>3,0 \u00d7 4,0 cm<\/td>\n<td>30 \u00d7 40 mm<\/td>\n<td>1,18 \u00d7 1,57 Zoll<\/td>\n<\/tr>\n<tr>\n<td><strong>Vereinigte Staaten (<abbr title=\"United States of America\">USA<\/abbr>)<\/strong><\/td>\n<td>5,1 \u00d7 5,1 cm<\/td>\n<td>51 \u00d7 51 mm<\/td>\n<td>2 \u00d7 2 Zoll<\/td>\n<\/tr>\n<tr>\n<td><strong>Vereinigtes K\u00f6nigreich<\/strong><\/td>\n<td>3,5 \u00d7 4,5 cm<\/td>\n<td>35 \u00d7 45 mm<\/td>\n<td>1,38 \u00d7 1,77 Zoll<\/td>\n<\/tr>\n<tr>\n<td><strong>Vietnam<\/strong><\/td>\n<td>4 \u00d7 6 cm<\/td>\n<td>40 \u00d7 60 mm<\/td>\n<td>1,57 \u00d7 2,36 Zoll<\/td>\n<\/tr>\n<\/tbody>\n<\/table>\n<\/div>\n<h2 id=\"passbildgroesse-herausfinden\">Ben\u00f6tigte Passbildgr\u00f6\u00dfe herausfinden<\/h2>\n<p>Die genauen Angaben der einzelnen L\u00e4nder und eine <a href=\"https:\/\/www.persofoto.de\/lexikon\/visum\/\">komplette \u00dcbersicht aller L\u00e4nder<\/a> haben wir auf den entsprechenden Landes-Unterseiten der Kategorie \u201e<a href=\"https:\/\/www.persofoto.de\/lexikon\/visum\/\">Visum<\/a>\u201c zusammengefasst. Die korrekte Visum-Foto Gr\u00f6\u00dfe aller L\u00e4nder l\u00e4sst sich auch \u00fcber folgendes Tool bestimmen:<\/p>\n<p><a class=\"flat-button orange-flat-button\" title=\"Passbildgr\u00f6\u00dfen aller L\u00e4nder bestimmen\" href=\"\/passbildgroesse\">Passbildgr\u00f6\u00dfe bestimmen \u00bb<\/a><\/p>\n","protected":false},"excerpt":{"rendered":"Inhalt G\u00e4ngigste Passbildgr\u00f6\u00dfen bei Visa Passbildgr\u00f6\u00dfen nach L\u00e4ndern Ben\u00f6tigte Passbildgr\u00f6\u00dfe herausfinden G\u00e4ngigste Passbildgr\u00f6\u00dfen bei Visa Steht eine Reise in ein weiter entferntes Land an, ben\u00f6tigen deutsche B\u00fcrger h\u00e4ufig ein Visum. Bei fast allen L\u00e4ndern au\u00dferhalb der EU werden diese Visa sowohl f\u00fcr Touristen als auch f\u00fcr Gesch\u00e4ftsreisende ben\u00f6tigt. F\u00fcr die Beantragung eines Visums ben\u00f6tigt man&#8230; <a class=\"view-article\" href=\"https:\/\/www.persofoto.de\/lexikon\/visum-foto\/groesse\/\">Anzeigen<\/a>","protected":false},"author":1,"featured_media":0,"parent":1556,"menu_order":0,"comment_status":"open","ping_status":"open","template":"","meta":[],"_links":{"self":[{"href":"https:\/\/www.persofoto.de\/lexikon\/wp-json\/wp\/v2\/pages\/1552"}],"collection":[{"href":"https:\/\/www.persofoto.de\/lexikon\/wp-json\/wp\/v2\/pages"}],"about":[{"href":"https:\/\/www.persofoto.de\/lexikon\/wp-json\/wp\/v2\/types\/page"}],"author":[{"embeddable":true,"href":"https:\/\/www.persofoto.de\/lexikon\/wp-json\/wp\/v2\/users\/1"}],"replies":[{"embeddable":true,"href":"https:\/\/www.persofoto.de\/lexikon\/wp-json\/wp\/v2\/comments?post=1552"}],"version-history":[{"count":24,"href":"https:\/\/www.persofoto.de\/lexikon\/wp-json\/wp\/v2\/pages\/1552\/revisions"}],"predecessor-version":[{"id":3653,"href":"https:\/\/www.persofoto.de\/lexikon\/wp-json\/wp\/v2\/pages\/1552\/revisions\/3653"}],"up":[{"embeddable":true,"href":"https:\/\/www.persofoto.de\/lexikon\/wp-json\/wp\/v2\/pages\/1556"}],"wp:attachment":[{"href":"https:\/\/www.persofoto.de\/lexikon\/wp-json\/wp\/v2\/media?parent=1552"}],"curies":[{"name":"wp","href":"https:\/\/api.w.org\/{rel}","templated":true}]}}