{"id":1541,"date":"2012-04-16T16:23:38","date_gmt":"2012-04-16T14:23:38","guid":{"rendered":"http:\/\/www.persofoto.de\/?page_id=1541"},"modified":"2018-08-14T15:14:48","modified_gmt":"2018-08-14T13:14:48","slug":"indien","status":"publish","type":"page","link":"https:\/\/www.persofoto.de\/lexikon\/visum\/indien\/","title":{"rendered":"Indien \ud83c\uddee\ud83c\uddf3"},"content":{"rendered":"<p>F\u00fcr die Einreise nach Indien \ud83c\uddee\ud83c\uddf3\u00a0ben\u00f6tigen deutsche Staatsangeh\u00f6rige ein Visum mit zwei farbigen Passbildern im Format 2 \u00d7 2 Zoll bzw. 51 \u00d7 51 mm.<\/p>\n<p>Die Passbilder sollten m\u00f6glichst neu sein &#8211; nicht \u00e4lter als 6 Monate.<\/p>\n<p>Mit unserem Visum-Foto Generator kannst Du das ben\u00f6tigte <a href=\"https:\/\/www.persofoto.de\/upload\/visumfoto\/html5\/1591\">Visum-Foto f\u00fcr Indien<\/a> jetzt sofort und kostenlos erstellen. Das Ausgangsfoto kann einfach auf das korrekte Seitenverh\u00e4ltnis zugeschnitten und an die Schablone angepasst werden.<\/p>\n","protected":false},"excerpt":{"rendered":"F\u00fcr die Einreise nach Indien \ud83c\uddee\ud83c\uddf3\u00a0ben\u00f6tigen deutsche Staatsangeh\u00f6rige ein Visum mit zwei farbigen Passbildern im Format 2 \u00d7 2 Zoll bzw. 51 \u00d7 51 mm. Die Passbilder sollten m\u00f6glichst neu sein &#8211; nicht \u00e4lter als 6 Monate. Mit unserem Visum-Foto Generator kannst Du das ben\u00f6tigte Visum-Foto f\u00fcr Indien jetzt sofort und kostenlos erstellen. Das Ausgangsfoto&#8230; <a class=\"view-article\" href=\"https:\/\/www.persofoto.de\/lexikon\/visum\/indien\/\">Anzeigen<\/a>","protected":false},"author":1,"featured_media":0,"parent":1483,"menu_order":0,"comment_status":"open","ping_status":"open","template":"","meta":[],"_links":{"self":[{"href":"https:\/\/www.persofoto.de\/lexikon\/wp-json\/wp\/v2\/pages\/1541"}],"collection":[{"href":"https:\/\/www.persofoto.de\/lexikon\/wp-json\/wp\/v2\/pages"}],"about":[{"href":"https:\/\/www.persofoto.de\/lexikon\/wp-json\/wp\/v2\/types\/page"}],"author":[{"embeddable":true,"href":"https:\/\/www.persofoto.de\/lexikon\/wp-json\/wp\/v2\/users\/1"}],"replies":[{"embeddable":true,"href":"https:\/\/www.persofoto.de\/lexikon\/wp-json\/wp\/v2\/comments?post=1541"}],"version-history":[{"count":5,"href":"https:\/\/www.persofoto.de\/lexikon\/wp-json\/wp\/v2\/pages\/1541\/revisions"}],"predecessor-version":[{"id":3395,"href":"https:\/\/www.persofoto.de\/lexikon\/wp-json\/wp\/v2\/pages\/1541\/revisions\/3395"}],"up":[{"embeddable":true,"href":"https:\/\/www.persofoto.de\/lexikon\/wp-json\/wp\/v2\/pages\/1483"}],"wp:attachment":[{"href":"https:\/\/www.persofoto.de\/lexikon\/wp-json\/wp\/v2\/media?parent=1541"}],"curies":[{"name":"wp","href":"https:\/\/api.w.org\/{rel}","templated":true}]}}