{"id":1513,"date":"2012-04-01T14:54:02","date_gmt":"2012-04-01T12:54:02","guid":{"rendered":"http:\/\/www.persofoto.de\/?page_id=1513"},"modified":"2021-10-09T00:17:32","modified_gmt":"2021-10-08T22:17:32","slug":"schwerbehindertenausweis","status":"publish","type":"page","link":"https:\/\/www.persofoto.de\/lexikon\/schwerbehindertenausweis\/","title":{"rendered":"Schwerbehinderten&shy;ausweis"},"content":{"rendered":"<figure class=\"wp-block-audio\"><audio controls=\"\" src=\"https:\/\/www.persofoto.de\/lexikon\/wp-content\/uploads\/2021\/10\/persofoto-schwerbehinderten-ausweis.mp3\"><\/audio><figcaption style=\"font-size:.9em; text-align:center; margin-bottom:1.7em;\">H\u00f6re Dir diesen Artikel zum Schwerbehindertenausweis als Audio-Artikel an.<\/figcaption><\/figure>\n<p>Ein Schwerbehindertenausweis (auch Schwer-in-Ordnung Ausweis) kann <abbr title=\"in der Regel\">i. d. R.<\/abbr> ab einem Behinderungsgrad (<abbr title=\"Grad der Behinderung\">GdB<\/abbr>) von mehr als 50 beim zust\u00e4ndigen B\u00fcrgerb\u00fcro beantragt werden.<\/p>\n<p>Ein Schwerbehindertenausweis ist ein Nachweis f\u00fcr die Inanspruchnahme von Rechten, Verg\u00fcnstigungen und Nachteilsausgleichen, wie bspw. die kostenlose oder verg\u00fcnstigte Inanspruchnahme von Verkehrsmitteln.<\/p>\n<p><img class=\"img-responsive wp-image-2586 alignleft\" src=\"https:\/\/www.persofoto.de\/lexikon\/wp-content\/uploads\/2012\/04\/schwerbehindertenausweis-muster.jpg\" alt=\"schwerbehindertenausweis-muster\" width=\"275\" height=\"176\" srcset=\"https:\/\/www.persofoto.de\/lexikon\/wp-content\/uploads\/2012\/04\/schwerbehindertenausweis-muster.jpg 400w, https:\/\/www.persofoto.de\/lexikon\/wp-content\/uploads\/2012\/04\/schwerbehindertenausweis-muster-250x160.jpg 250w, https:\/\/www.persofoto.de\/lexikon\/wp-content\/uploads\/2012\/04\/schwerbehindertenausweis-muster-120x77.jpg 120w\" sizes=\"(max-width: 275px) 100vw, 275px\" \/>Ab Vollendung des 10. Lebensjahres kommt ein Passfoto auf den Schwerbehindertenausweis.<\/p>\n<p>Nach \u00a7 5 der Schwerbehindertenausweis\u00adverordnung (SchwbAwV) kann f\u00fcr schwerbehinderte Menschen, die das Haus nicht oder nur mit Hilfe eines Krankenwagens verlassen k\u00f6nnen auf Antrag jedoch auch ein Ausweis ohne Lichtbild ausgestellt werden. In diesem Fall wird in den vorgesehenen Raum der Vermerk &#8222;Ohne Lichtbild g\u00fcltig&#8220; eingetragen.<\/p>\n<hr>\n<h2>Beantragung und G\u00fcltigkeit<\/h2>\n<p>F\u00fcr die Beantragung sind folgende Unterlagen erforderlich:<\/p>\n<ul class=\"anforderungen\">\n<li>ein Passfoto (nicht biometrisch)<\/li>\n<li><abbr title=\"gegebenenfalls\">ggf.<\/abbr> eine Kopie des Aufenthaltsstatus<\/li>\n<\/ul>\n<p>Der Schwerbehindertenausweis ist 5 Jahre g\u00fcltig. Bei Kindern unter 10 Jahren jedoch <abbr title=\"maximal\">max.<\/abbr> bis zum 10. Lebensjahr. F\u00fcr schwerbehinderte Menschen zwischen 10 und 15 Jahren <abbr title=\"maximal\">max.<\/abbr> bis zum 20. Lebensjahr.<\/p>\n<p>Rechtsgrundlage bildet die Schwerbehindertenausweisverordnung (<abbr title=\"Schwerbehindertenausweisverordnung\">SchwbAwV<\/abbr>) des Neunten Buches Sozialgesetzbuch.<\/p>\n","protected":false},"excerpt":{"rendered":"H\u00f6re Dir diesen Artikel zum Schwerbehindertenausweis als Audio-Artikel an. Ein Schwerbehindertenausweis (auch Schwer-in-Ordnung Ausweis) kann i. d. R. ab einem Behinderungsgrad (GdB) von mehr als 50 beim zust\u00e4ndigen B\u00fcrgerb\u00fcro beantragt werden. Ein Schwerbehindertenausweis ist ein Nachweis f\u00fcr die Inanspruchnahme von Rechten, Verg\u00fcnstigungen und Nachteilsausgleichen, wie bspw. die kostenlose oder verg\u00fcnstigte Inanspruchnahme von Verkehrsmitteln. Ab Vollendung&#8230; <a class=\"view-article\" href=\"https:\/\/www.persofoto.de\/lexikon\/schwerbehindertenausweis\/\">Anzeigen<\/a>","protected":false},"author":1,"featured_media":0,"parent":0,"menu_order":0,"comment_status":"open","ping_status":"closed","template":"lexikonkategorie_template.php","meta":[],"_links":{"self":[{"href":"https:\/\/www.persofoto.de\/lexikon\/wp-json\/wp\/v2\/pages\/1513"}],"collection":[{"href":"https:\/\/www.persofoto.de\/lexikon\/wp-json\/wp\/v2\/pages"}],"about":[{"href":"https:\/\/www.persofoto.de\/lexikon\/wp-json\/wp\/v2\/types\/page"}],"author":[{"embeddable":true,"href":"https:\/\/www.persofoto.de\/lexikon\/wp-json\/wp\/v2\/users\/1"}],"replies":[{"embeddable":true,"href":"https:\/\/www.persofoto.de\/lexikon\/wp-json\/wp\/v2\/comments?post=1513"}],"version-history":[{"count":15,"href":"https:\/\/www.persofoto.de\/lexikon\/wp-json\/wp\/v2\/pages\/1513\/revisions"}],"predecessor-version":[{"id":3752,"href":"https:\/\/www.persofoto.de\/lexikon\/wp-json\/wp\/v2\/pages\/1513\/revisions\/3752"}],"wp:attachment":[{"href":"https:\/\/www.persofoto.de\/lexikon\/wp-json\/wp\/v2\/media?parent=1513"}],"curies":[{"name":"wp","href":"https:\/\/api.w.org\/{rel}","templated":true}]}}