{"id":1492,"date":"2012-03-24T18:37:24","date_gmt":"2012-03-24T16:37:24","guid":{"rendered":"http:\/\/www.persofoto.de\/?page_id=1492"},"modified":"2020-11-08T22:39:19","modified_gmt":"2020-11-08T21:39:19","slug":"kanada","status":"publish","type":"page","link":"https:\/\/www.persofoto.de\/lexikon\/visum\/kanada\/","title":{"rendered":"Kanada \ud83c\udde8\ud83c\udde6"},"content":{"rendered":"<p>F\u00fcr die Einreise in Kanada \ud83c\udde8\ud83c\udde6\u00a0ben\u00f6tigen deutsche Staatsangeh\u00f6rige ein Visum, wenn sie per Flugzeug einreisen. Die sogenannte\u00a0Electronic Travel Authorization (eTA) kann direkt <a href=\"https:\/\/www.canada.ca\/en\/immigration-refugees-citizenship\/services\/visit-canada\/eta\/apply.html\" target=\"_blank\" rel=\"noopener noreferrer\">online beantragt<\/a> werden und kostet derzeit $7 CAD. Ein Foto ben\u00f6tigt man hierzu nicht \u2014 aber den Ausweis und eine Kreditkarte.<\/p>\n<p>Wer \u00fcber Land oder See einreist, kommt ohne eTA aus. Reist man bspw. mit dem Bus, Auto oder Zug \u00fcber die USA ein, reicht der Reisepass. Dies gilt auch f\u00fcr Boote und Kreuzfahrtschiffe.<\/p>\n<p>Die vollst\u00e4ndige Liste der Staaten, die f\u00fcr die Einreise nach Kanada kein Visum ben\u00f6tigen ist unter folgendem Link einsehbar: <a href=\"https:\/\/www.cic.gc.ca\/visit-visiter\/en\/visas\" target=\"_blank\" rel=\"noopener noreferrer\">https:\/\/www.cic.gc.ca\/visit-visiter\/en\/visas<\/a><\/p>\n","protected":false},"excerpt":{"rendered":"F\u00fcr die Einreise in Kanada \ud83c\udde8\ud83c\udde6\u00a0ben\u00f6tigen deutsche Staatsangeh\u00f6rige ein Visum, wenn sie per Flugzeug einreisen. Die sogenannte\u00a0Electronic Travel Authorization (eTA) kann direkt online beantragt werden und kostet derzeit $7 CAD. Ein Foto ben\u00f6tigt man hierzu nicht \u2014 aber den Ausweis und eine Kreditkarte. Wer \u00fcber Land oder See einreist, kommt ohne eTA aus. Reist man&#8230; <a class=\"view-article\" href=\"https:\/\/www.persofoto.de\/lexikon\/visum\/kanada\/\">Anzeigen<\/a>","protected":false},"author":1,"featured_media":0,"parent":1483,"menu_order":0,"comment_status":"open","ping_status":"open","template":"","meta":[],"_links":{"self":[{"href":"https:\/\/www.persofoto.de\/lexikon\/wp-json\/wp\/v2\/pages\/1492"}],"collection":[{"href":"https:\/\/www.persofoto.de\/lexikon\/wp-json\/wp\/v2\/pages"}],"about":[{"href":"https:\/\/www.persofoto.de\/lexikon\/wp-json\/wp\/v2\/types\/page"}],"author":[{"embeddable":true,"href":"https:\/\/www.persofoto.de\/lexikon\/wp-json\/wp\/v2\/users\/1"}],"replies":[{"embeddable":true,"href":"https:\/\/www.persofoto.de\/lexikon\/wp-json\/wp\/v2\/comments?post=1492"}],"version-history":[{"count":8,"href":"https:\/\/www.persofoto.de\/lexikon\/wp-json\/wp\/v2\/pages\/1492\/revisions"}],"predecessor-version":[{"id":3728,"href":"https:\/\/www.persofoto.de\/lexikon\/wp-json\/wp\/v2\/pages\/1492\/revisions\/3728"}],"up":[{"embeddable":true,"href":"https:\/\/www.persofoto.de\/lexikon\/wp-json\/wp\/v2\/pages\/1483"}],"wp:attachment":[{"href":"https:\/\/www.persofoto.de\/lexikon\/wp-json\/wp\/v2\/media?parent=1492"}],"curies":[{"name":"wp","href":"https:\/\/api.w.org\/{rel}","templated":true}]}}