{"id":1429,"date":"2011-12-29T16:42:32","date_gmt":"2011-12-29T14:42:32","guid":{"rendered":"http:\/\/www.persofoto.de\/?page_id=1429"},"modified":"2020-01-17T22:38:57","modified_gmt":"2020-01-17T21:38:57","slug":"passbild-fur-die-gesundheitskarte","status":"publish","type":"page","link":"https:\/\/www.persofoto.de\/lexikon\/gesundheitskarte\/passbild-fur-die-gesundheitskarte\/","title":{"rendered":"Passbild f\u00fcr die Gesundheitskarte"},"content":{"rendered":"<p>Damit die Karteninhaber besser identifiziert werden k\u00f6nnen, ist es gesetzlich vorgeschrieben, dass Personen ab 15 Jahren ein Passbild f\u00fcr die neue elektronische Gesundheitskarte einreichen m\u00fcssen.<\/p>\n<p>Das Passbild f\u00fcr die elektronische Gesundheitskarte kann in der deutschen Standard-Passbildgr\u00f6\u00dfe 35 \u00d7 45 mm (Hochformat) eingereicht werden.<\/p>\n<p>Im&nbsp;\u00a7 291 des Sozialgesetzbuches, hei\u00dft es lediglich,&nbsp;dass die Versichertenkarte ein &#8222;Lichtbild des Versicherten&#8220; enthalten soll. Die&nbsp;Anforderungen sind daher nicht so streng, wie beispielsweise beim Personalausweis, Reisepass oder F\u00fchrerschein. Du solltest auf dem Passfoto nur zweifelsfrei erkennbar und der Hintergrund m\u00f6glichst neutral sein.<\/p>\n<p>Du kannst ein beliebiges Foto kostenlos in unserem <a title=\"Passfoto Generator\" href=\"https:\/\/www.persofoto.de\/upload\/passbild\/html5\/294\">Passfoto-Generator<\/a> zuschneiden.<\/p>\n<div id=\"attachment_1269\" style=\"width: 260px\" class=\"wp-caption alignnone\"><a href=\"https:\/\/www.persofoto.de\/upload\/passbild\"><img aria-describedby=\"caption-attachment-1269\" class=\"wp-image-1269 size-full\" title=\"Zum Passfoto-Generator\" src=\"https:\/\/www.persofoto.de\/lexikon\/wp-content\/uploads\/2011\/07\/passfoto-generator-screenshot.jpg\" alt=\"Der Passfoto-Generator schneidet Bilder ins korrekte Passfoto-Format.\" width=\"250\" height=\"248\" srcset=\"https:\/\/www.persofoto.de\/lexikon\/wp-content\/uploads\/2011\/07\/passfoto-generator-screenshot.jpg 250w, https:\/\/www.persofoto.de\/lexikon\/wp-content\/uploads\/2011\/07\/passfoto-generator-screenshot-150x150.jpg 150w, https:\/\/www.persofoto.de\/lexikon\/wp-content\/uploads\/2011\/07\/passfoto-generator-screenshot-120x119.jpg 120w\" sizes=\"(max-width: 250px) 100vw, 250px\" \/><\/a><p id=\"caption-attachment-1269\" class=\"wp-caption-text\">Der Passfoto-Generator schneidet Bilder ins korrekte Passfoto-Format.<\/p><\/div>\n","protected":false},"excerpt":{"rendered":"Damit die Karteninhaber besser identifiziert werden k\u00f6nnen, ist es gesetzlich vorgeschrieben, dass Personen ab 15 Jahren ein Passbild f\u00fcr die neue elektronische Gesundheitskarte einreichen m\u00fcssen. Das Passbild f\u00fcr die elektronische Gesundheitskarte kann in der deutschen Standard-Passbildgr\u00f6\u00dfe 35 \u00d7 45 mm (Hochformat) eingereicht werden. Im&nbsp;\u00a7 291 des Sozialgesetzbuches, hei\u00dft es lediglich,&nbsp;dass die Versichertenkarte ein &#8222;Lichtbild des&#8230; <a class=\"view-article\" href=\"https:\/\/www.persofoto.de\/lexikon\/gesundheitskarte\/passbild-fur-die-gesundheitskarte\/\">Anzeigen<\/a>","protected":false},"author":1,"featured_media":0,"parent":279,"menu_order":0,"comment_status":"open","ping_status":"open","template":"","meta":[],"_links":{"self":[{"href":"https:\/\/www.persofoto.de\/lexikon\/wp-json\/wp\/v2\/pages\/1429"}],"collection":[{"href":"https:\/\/www.persofoto.de\/lexikon\/wp-json\/wp\/v2\/pages"}],"about":[{"href":"https:\/\/www.persofoto.de\/lexikon\/wp-json\/wp\/v2\/types\/page"}],"author":[{"embeddable":true,"href":"https:\/\/www.persofoto.de\/lexikon\/wp-json\/wp\/v2\/users\/1"}],"replies":[{"embeddable":true,"href":"https:\/\/www.persofoto.de\/lexikon\/wp-json\/wp\/v2\/comments?post=1429"}],"version-history":[{"count":6,"href":"https:\/\/www.persofoto.de\/lexikon\/wp-json\/wp\/v2\/pages\/1429\/revisions"}],"predecessor-version":[{"id":3607,"href":"https:\/\/www.persofoto.de\/lexikon\/wp-json\/wp\/v2\/pages\/1429\/revisions\/3607"}],"up":[{"embeddable":true,"href":"https:\/\/www.persofoto.de\/lexikon\/wp-json\/wp\/v2\/pages\/279"}],"wp:attachment":[{"href":"https:\/\/www.persofoto.de\/lexikon\/wp-json\/wp\/v2\/media?parent=1429"}],"curies":[{"name":"wp","href":"https:\/\/api.w.org\/{rel}","templated":true}]}}