{"id":142,"date":"2009-09-25T01:30:17","date_gmt":"2009-09-24T23:30:17","guid":{"rendered":"http:\/\/www.persofoto.de\/?page_id=142"},"modified":"2020-01-17T23:21:28","modified_gmt":"2020-01-17T22:21:28","slug":"passbild","status":"publish","type":"page","link":"https:\/\/www.persofoto.de\/lexikon\/passbild\/","title":{"rendered":"Passbild"},"content":{"rendered":"<p>Als Passbild oder Passfoto bezeichnet man das auf einem Ausweis angebrachte Foto. Je nach Land und Verwendungszweck haben Passbilder unterschiedliche <a title=\"Gr\u00f6\u00dfe &amp; Format\" href=\"https:\/\/www.persofoto.de\/lexikon\/passbild\/groesse\/\">Gr\u00f6\u00dfen<\/a> und <a title=\"Wie mache ich ein biometrisches Passfoto?\" href=\"https:\/\/www.persofoto.de\/lexikon\/reisepass\/wie-mache-ich-ein-biometrisches-passfoto\/\">Anforderungen<\/a>. In Deutschland sind diese Anforderungen von der Bundesdruckerei festgelegt worden. Sie ist auch f\u00fcr das Erstellen der Ausweise zust\u00e4ndig. Wir haben die Passbild-Bestimmungen und einige Informationen mehr zum Thema Passbild auf diesen Seiten f\u00fcr Dich zusammengefasst:<\/p>\n","protected":false},"excerpt":{"rendered":"Als Passbild oder Passfoto bezeichnet man das auf einem Ausweis angebrachte Foto. Je nach Land und Verwendungszweck haben Passbilder unterschiedliche Gr\u00f6\u00dfen und Anforderungen. In Deutschland sind diese Anforderungen von der Bundesdruckerei festgelegt worden. Sie ist auch f\u00fcr das Erstellen der Ausweise zust\u00e4ndig. Wir haben die Passbild-Bestimmungen und einige Informationen mehr zum Thema Passbild auf diesen&#8230; <a class=\"view-article\" href=\"https:\/\/www.persofoto.de\/lexikon\/passbild\/\">Anzeigen<\/a>","protected":false},"author":1,"featured_media":0,"parent":0,"menu_order":-99,"comment_status":"open","ping_status":"closed","template":"lexikonkategorie_template.php","meta":[],"_links":{"self":[{"href":"https:\/\/www.persofoto.de\/lexikon\/wp-json\/wp\/v2\/pages\/142"}],"collection":[{"href":"https:\/\/www.persofoto.de\/lexikon\/wp-json\/wp\/v2\/pages"}],"about":[{"href":"https:\/\/www.persofoto.de\/lexikon\/wp-json\/wp\/v2\/types\/page"}],"author":[{"embeddable":true,"href":"https:\/\/www.persofoto.de\/lexikon\/wp-json\/wp\/v2\/users\/1"}],"replies":[{"embeddable":true,"href":"https:\/\/www.persofoto.de\/lexikon\/wp-json\/wp\/v2\/comments?post=142"}],"version-history":[{"count":3,"href":"https:\/\/www.persofoto.de\/lexikon\/wp-json\/wp\/v2\/pages\/142\/revisions"}],"predecessor-version":[{"id":3621,"href":"https:\/\/www.persofoto.de\/lexikon\/wp-json\/wp\/v2\/pages\/142\/revisions\/3621"}],"wp:attachment":[{"href":"https:\/\/www.persofoto.de\/lexikon\/wp-json\/wp\/v2\/media?parent=142"}],"curies":[{"name":"wp","href":"https:\/\/api.w.org\/{rel}","templated":true}]}}