{"id":1407,"date":"2011-11-08T12:36:09","date_gmt":"2011-11-08T10:36:09","guid":{"rendered":"http:\/\/www.persofoto.de\/?page_id=1407"},"modified":"2023-08-30T13:43:45","modified_gmt":"2023-08-30T11:43:45","slug":"kosten","status":"publish","type":"page","link":"https:\/\/www.persofoto.de\/lexikon\/passbild\/kosten\/","title":{"rendered":"Kosten \/ g\u00e4ngige Preise"},"content":{"rendered":"<p>Die Kosten f\u00fcr Passbilder sind durch die Einf\u00fchrung biometrischer Passbilder in allen deutschen Ausweisdokumenten deutlich angestiegen. Biometrische Passbilder m\u00fcssen jedoch nicht teuer sein. Je nachdem, wo man sie kauft, <strong>kostet ein Set biometrische Passbilder zwischen 6 und 25 Euro<\/strong>.<\/p>\n<h2>Fotografen &#8211; professionell aber <abbr title=\"gegebenenfalls\">ggf.<\/abbr> teuer<\/h2>\n<p>Am teuersten sind <abbr title=\"in der Regel\">i. d. R.<\/abbr> Fotostudios und Fotografen. Wer die Fotos direkt mitnehmen m\u00f6chte, ist hier gut aufgehoben.\u00a0Je nach Wohnort und Fotograf k\u00f6nnen 4 bis 6 Passfotos hier <strong>bis zu 25 Euro<\/strong> kosten. Daf\u00fcr bekommt man aber auch Hilfestellung f\u00fcr den korrekten Gesichtsausdruck und garantiert auch einige Probe-Schnappsch\u00fcsse. Problematisch wird es eventuell in l\u00e4ndlichen Regionen, wenn\u00a0im eigenen Dorf oder der eigenen Stadt kein Fotostudio ans\u00e4ssig ist.<\/p>\n<h2>Fotoautomaten<\/h2>\n<p>Fotoautomaten sind vielerorts zu finden. Meist stehen sie in Einkaufszentren oder Bahnh\u00f6fen. Die Qualit\u00e4t reicht nicht an die eines professionell aufgenommen Fotos heran,\u00a0und auf die Einhaltung der biometrischen Passbild-Bestimmungen muss man im Passbild-Automaten selbst achten. Daf\u00fcr sind die Kosten jedoch auch deutlich niedriger,\u00a0als professionelle Bilder vom Fotografen. Bei einigen Fotoautomaten kosten 4 Bilder <strong>ab 6 Euro<\/strong>.<\/p>\n<h2>Kosten sparen &#8211; Passbilder selbst erstellen<\/h2>\n<p><a href=\"https:\/\/www.persofoto.de\/upload\/passbild\"><img class=\"alignright wp-image-2182 size-medium\" title=\"Passfoto-Generator\" src=\"https:\/\/www.persofoto.de\/lexikon\/wp-content\/uploads\/2009\/09\/passfoto-generator-de-250x188.png\" alt=\"\" width=\"250\" height=\"188\" srcset=\"https:\/\/www.persofoto.de\/lexikon\/wp-content\/uploads\/2009\/09\/passfoto-generator-de-250x188.png 250w, https:\/\/www.persofoto.de\/lexikon\/wp-content\/uploads\/2009\/09\/passfoto-generator-de-120x90.png 120w, https:\/\/www.persofoto.de\/lexikon\/wp-content\/uploads\/2009\/09\/passfoto-generator-de.png 593w\" sizes=\"(max-width: 250px) 100vw, 250px\" \/><\/a> Wer mit einer Digitalkamera umgehen kann und eventuell sogar noch einen guten Fotodrucker hat, kann einige Kosten sparen und seine biometrischen Passbilder einfach selber machen.<\/p>\n<p>Unser <strong><a title=\"Zum Passfoto-Generator\" href=\"https:\/\/www.persofoto.de\/upload\/passbild\">Passfoto-Generator<\/a><\/strong>\u00a0hilft dabei, die Bilder <strong>kostenlos<\/strong> an die offizielle biometrische Schablone anzupassen. Der Preis der Passbilder liegt dann nur bei den Kosten f\u00fcr einen Bogen gutes Foto-Druckerpapier und die Tinte. Alternativ pr\u00fcfen wir alle bestellten Bilder auf Tauglichkeit und \u00fcberarbeiten sie professionell.<\/p>\n<p>Wir haben auch eine <a title=\"Welche Anforderungen an den Druck gibt es?\" href=\"https:\/\/www.persofoto.de\/lexikon\/passbild\/passfoto-selber-ausdrucken\/\">Anleitung zum selbst ausdrucken der Passbilder<\/a> f\u00fcr Dich vorbereitet.<\/p>\n<p>Vorteil ist hier nat\u00fcrlich auch, dass man zuhause so lange am perfekten Gesichtsausdruck arbeiten kann, bis das Foto einen (soweit m\u00f6glich) von der &#8222;biometrischen Schokoladenseite&#8220; zeigt.<\/p>\n<h2>Unsere Preise<\/h2>\n<p>Wir w\u00fcrden\u00a0uns nat\u00fcrlich\u00a0freuen, wenn Du Deinen Satz <a title=\"Jedes Bestellung wird von uns \u00fcberarbeitet! Erfahre mehr...\" href=\"https:\/\/www.persofoto.de\/#tauglichkeits-ueberpruefung\">entwickelte und professionell \u00fcberarbeitete Passfotos<\/a> bei uns bestellst. Wir pr\u00fcfen und \u00fcberarbeiten jede Bestellung, damit sie garantiert von den Beh\u00f6rden angenommen wird. Und das alles zum Preis von <strong>nur 9,95 Euro f\u00fcr 6 Passfotos <\/strong>&#8211; mit kostenlosem Versand.<\/p>\n<p>Wenn Du Dein von uns \u00fcberarbeitet Visum- oder Passfoto auch digital bekommen m\u00f6chtest, kannst Du die &#8222;Digital-Option&#8220; im Warenkorb f\u00fcr 6,95 Euro aktivieren. Du bekommst dann Dein \u00fcberarbeitetes Foto per E-Mail in voller Aufl\u00f6sung zugesendet. Wir stellen Dir ebenfalls eine Variante mit mehreren Bildern auf einem Druckbogen bereit, damit Du Deine Fotos leicht nachdrucken (lassen) kannst.<\/p>\n","protected":false},"excerpt":{"rendered":"Die Kosten f\u00fcr Passbilder sind durch die Einf\u00fchrung biometrischer Passbilder in allen deutschen Ausweisdokumenten deutlich angestiegen. Biometrische Passbilder m\u00fcssen jedoch nicht teuer sein. Je nachdem, wo man sie kauft, kostet ein Set biometrische Passbilder zwischen 6 und 25 Euro. Fotografen &#8211; professionell aber ggf. teuer Am teuersten sind i. d. R. Fotostudios und Fotografen. Wer&#8230; <a class=\"view-article\" href=\"https:\/\/www.persofoto.de\/lexikon\/passbild\/kosten\/\">Anzeigen<\/a>","protected":false},"author":1,"featured_media":0,"parent":142,"menu_order":0,"comment_status":"open","ping_status":"open","template":"","meta":[],"_links":{"self":[{"href":"https:\/\/www.persofoto.de\/lexikon\/wp-json\/wp\/v2\/pages\/1407"}],"collection":[{"href":"https:\/\/www.persofoto.de\/lexikon\/wp-json\/wp\/v2\/pages"}],"about":[{"href":"https:\/\/www.persofoto.de\/lexikon\/wp-json\/wp\/v2\/types\/page"}],"author":[{"embeddable":true,"href":"https:\/\/www.persofoto.de\/lexikon\/wp-json\/wp\/v2\/users\/1"}],"replies":[{"embeddable":true,"href":"https:\/\/www.persofoto.de\/lexikon\/wp-json\/wp\/v2\/comments?post=1407"}],"version-history":[{"count":18,"href":"https:\/\/www.persofoto.de\/lexikon\/wp-json\/wp\/v2\/pages\/1407\/revisions"}],"predecessor-version":[{"id":3760,"href":"https:\/\/www.persofoto.de\/lexikon\/wp-json\/wp\/v2\/pages\/1407\/revisions\/3760"}],"up":[{"embeddable":true,"href":"https:\/\/www.persofoto.de\/lexikon\/wp-json\/wp\/v2\/pages\/142"}],"wp:attachment":[{"href":"https:\/\/www.persofoto.de\/lexikon\/wp-json\/wp\/v2\/media?parent=1407"}],"curies":[{"name":"wp","href":"https:\/\/api.w.org\/{rel}","templated":true}]}}